{"id":765,"date":"2021-07-19T05:21:11","date_gmt":"2021-07-19T05:21:11","guid":{"rendered":"https:\/\/borman.cl\/sitio\/incendio\/?page_id=765"},"modified":"2021-07-19T05:24:41","modified_gmt":"2021-07-19T05:24:41","slug":"deteccion-y-control","status":"publish","type":"page","link":"https:\/\/borman.cl\/sitio\/incendio\/deteccion-y-control\/","title":{"rendered":"Detecci\u00f3n y Control"},"content":{"rendered":"\n<h2 class=\"wp-block-heading\">Detecci\u00f3n y control<\/h2>\n\n\n\n<p><\/p>\n\n\n\n<p>El RP-2002 es un FACP de seis zonas para aplicaciones de liberaci\u00f3n de agentes de riesgo \u00fanico y doble. El RP-2002 proporciona detecci\u00f3n de incendios, se\u00f1alizaci\u00f3n y protecci\u00f3n confiables para edificios comerciales, industriales e institucionales que requieren liberaci\u00f3n basada en agentes. El RP-2002 es compatible con el detector i3 de System Sensor. Adem\u00e1s, el panel de control es compatible con dispositivos de entrada convencionales como detectores de humo de dos cables, detectores de humo de cuatro cables, estaciones de control, dispositivos de flujo de agua, interruptores de manipulaci\u00f3n y otros dispositivos de contacto normalmente abiertos. Tambi\u00e9n se incluyen en la placa de circuito principal tres rel\u00e9s programables en forma de C y salidas de potencia de aplicaci\u00f3n especial de 24 VCC que se pueden restablecer y no restablecer. El RP-2002 supervisa todo el cableado, voltaje CA, cargador de bater\u00eda y nivel de bater\u00eda. La activaci\u00f3n de un detector de humo compatible o cualquier dispositivo de iniciaci\u00f3n de alarma de incendio normalmente abierto activar\u00e1 dispositivos de se\u00f1alizaci\u00f3n visual y audible, iluminar\u00e1 un indicador, mostrar\u00e1 informaci\u00f3n de alarma en la pantalla LCD del panel, har\u00e1 sonar la sirena piezoel\u00e9ctrica en el FACP, activar\u00e1 el rel\u00e9 de alarma del FACP y operar\u00e1 un m\u00f3dulo opcional utilizado para notificar una estaci\u00f3n remota o iniciar una funci\u00f3n de control auxiliar.<\/p>\n\n\n\n<ul class=\"wp-block-list\"><li>Paneles de control<\/li><li>Bocina \/ luz estrobosc\u00f3pica de montaje en pared<\/li><li>Detector de humo fotoel\u00e9ctrico<\/li><li>Anunciador serie LCD<\/li><li>Estaci\u00f3n de liberaci\u00f3n de agentes de doble acci\u00f3n<\/li><li>Detecci\u00f3n de muestreo de aire Xtralis VESDA<\/li><\/ul>\n","protected":false},"excerpt":{"rendered":"<p>Detecci\u00f3n y control El RP-2002 es un FACP de seis zonas para aplicaciones de liberaci\u00f3n de agentes de riesgo \u00fanico y doble. El RP-2002 proporciona&hellip;<\/p>\n","protected":false},"author":1,"featured_media":769,"parent":0,"menu_order":0,"comment_status":"closed","ping_status":"closed","template":"","meta":{"footnotes":""},"class_list":["post-765","page","type-page","status-publish","has-post-thumbnail","hentry"],"aioseo_notices":[],"_links":{"self":[{"href":"https:\/\/borman.cl\/sitio\/incendio\/wp-json\/wp\/v2\/pages\/765","targetHints":{"allow":["GET"]}}],"collection":[{"href":"https:\/\/borman.cl\/sitio\/incendio\/wp-json\/wp\/v2\/pages"}],"about":[{"href":"https:\/\/borman.cl\/sitio\/incendio\/wp-json\/wp\/v2\/types\/page"}],"author":[{"embeddable":true,"href":"https:\/\/borman.cl\/sitio\/incendio\/wp-json\/wp\/v2\/users\/1"}],"replies":[{"embeddable":true,"href":"https:\/\/borman.cl\/sitio\/incendio\/wp-json\/wp\/v2\/comments?post=765"}],"version-history":[{"count":1,"href":"https:\/\/borman.cl\/sitio\/incendio\/wp-json\/wp\/v2\/pages\/765\/revisions"}],"predecessor-version":[{"id":767,"href":"https:\/\/borman.cl\/sitio\/incendio\/wp-json\/wp\/v2\/pages\/765\/revisions\/767"}],"wp:featuredmedia":[{"embeddable":true,"href":"https:\/\/borman.cl\/sitio\/incendio\/wp-json\/wp\/v2\/media\/769"}],"wp:attachment":[{"href":"https:\/\/borman.cl\/sitio\/incendio\/wp-json\/wp\/v2\/media?parent=765"}],"curies":[{"name":"wp","href":"https:\/\/api.w.org\/{rel}","templated":true}]}}