{"id":422,"date":"2019-04-19T07:11:47","date_gmt":"2019-04-19T07:11:47","guid":{"rendered":"http:\/\/demo.sparklewpthemes.com\/constructionlight\/?page_id=422"},"modified":"2021-07-19T05:09:19","modified_gmt":"2021-07-19T05:09:19","slug":"sistemas-modulares","status":"publish","type":"page","link":"https:\/\/borman.cl\/sitio\/incendio\/sistemas-modulares\/","title":{"rendered":"Sistema Modular"},"content":{"rendered":"\n<h2 class=\"wp-block-heading\">Modular: sistemas de agentes limpios predise\u00f1ados.<\/h2>\n\n\n\n<p><\/p>\n\n\n\n<p><br>La serie MCV (conjunto modular \/ cilindro \/ v\u00e1lvula) es un sistema integrado de extinci\u00f3n de incendios de agente limpio que utiliza el fluido de protecci\u00f3n contra incendios 3MTM NovecTM 1230 y est\u00e1 equipado con el panel de control de descarga de agente Notifier RP 2002 que est\u00e1 precableado y programado. El actuador el\u00e9ctrico, la alarma piezoel\u00e9ctrica, la bocina \/ luz estrobosc\u00f3pica y el interruptor de desactivaci\u00f3n de mantenimiento est\u00e1n precableados al panel de control de liberaci\u00f3n del agente, lo que permite conectar un m\u00ednimo de dispositivos remotos.<\/p>\n\n\n\n<ul class=\"wp-block-list\"><li>Cilindro y v\u00e1lvula<\/li><li>Correa de cilindro<\/li><li>Solenoide el\u00e9ctrico de 24 VCC, solo EA-45 listado con UL, no ASCO<\/li><li>Boquilla (predise\u00f1ada), flanco o central<\/li><li>Panel de control de liberaci\u00f3n de agentes<\/li><li>2- bater\u00eda<\/li><li>1- Detector fotoel\u00e9ctrico, 24 VCC con base<\/li><li>1- Detector i\u00f3nico, 24 VCC con base<\/li><li>Combinaci\u00f3n de bocina \/ luz estrobosc\u00f3pica, 24 VCC<\/li><li>Soporte de techo estrobosc\u00f3pico<\/li><li>Marco modular<\/li><li>Tuber\u00edas \/ accesorios predise\u00f1ados<\/li><\/ul>\n\n\n\n<p><\/p>\n","protected":false},"excerpt":{"rendered":"<p>Modular: sistemas de agentes limpios predise\u00f1ados. La serie MCV (conjunto modular \/ cilindro \/ v\u00e1lvula) es un sistema integrado de extinci\u00f3n de incendios de agente&hellip;<\/p>\n","protected":false},"author":1,"featured_media":715,"parent":0,"menu_order":0,"comment_status":"closed","ping_status":"closed","template":"","meta":{"footnotes":""},"class_list":["post-422","page","type-page","status-publish","has-post-thumbnail","hentry"],"aioseo_notices":[],"_links":{"self":[{"href":"https:\/\/borman.cl\/sitio\/incendio\/wp-json\/wp\/v2\/pages\/422","targetHints":{"allow":["GET"]}}],"collection":[{"href":"https:\/\/borman.cl\/sitio\/incendio\/wp-json\/wp\/v2\/pages"}],"about":[{"href":"https:\/\/borman.cl\/sitio\/incendio\/wp-json\/wp\/v2\/types\/page"}],"author":[{"embeddable":true,"href":"https:\/\/borman.cl\/sitio\/incendio\/wp-json\/wp\/v2\/users\/1"}],"replies":[{"embeddable":true,"href":"https:\/\/borman.cl\/sitio\/incendio\/wp-json\/wp\/v2\/comments?post=422"}],"version-history":[{"count":4,"href":"https:\/\/borman.cl\/sitio\/incendio\/wp-json\/wp\/v2\/pages\/422\/revisions"}],"predecessor-version":[{"id":764,"href":"https:\/\/borman.cl\/sitio\/incendio\/wp-json\/wp\/v2\/pages\/422\/revisions\/764"}],"wp:featuredmedia":[{"embeddable":true,"href":"https:\/\/borman.cl\/sitio\/incendio\/wp-json\/wp\/v2\/media\/715"}],"wp:attachment":[{"href":"https:\/\/borman.cl\/sitio\/incendio\/wp-json\/wp\/v2\/media?parent=422"}],"curies":[{"name":"wp","href":"https:\/\/api.w.org\/{rel}","templated":true}]}}