{"id":416,"date":"2019-04-19T07:05:14","date_gmt":"2019-04-19T07:05:14","guid":{"rendered":"http:\/\/demo.sparklewpthemes.com\/constructionlight\/?page_id=416"},"modified":"2021-07-19T02:29:07","modified_gmt":"2021-07-19T02:29:07","slug":"sistema-force-500","status":"publish","type":"page","link":"https:\/\/borman.cl\/sitio\/incendio\/sistema-force-500\/","title":{"rendered":"Sistema Force 500"},"content":{"rendered":"\n<h2 class=\"wp-block-heading\">Force 500: Sistema total de protecci\u00f3n contra incendios por inundaci\u00f3n.<\/h2>\n\n\n\n<p><\/p>\n\n\n\n<p>El sistema de extinci\u00f3n de incendios de agente limpio SEVO \u2122 1230 FORCE500 \u2122 es una nueva tecnolog\u00eda revolucionaria para sistemas de agente limpio que utiliza el fluido de protecci\u00f3n contra incendios 3M \u2122 Novec \u2122 1230 y su capacidad \u00fanica de presurizarse a 500 psi (34,5 bar). Permite tramos de tuber\u00eda m\u00e1s largos y di\u00e1metros de tuber\u00eda m\u00e1s peque\u00f1os, adem\u00e1s de los beneficios de ahorro de costos de usar un agente menos limpio en cilindros m\u00e1s peque\u00f1os y \/ o menos por proyecto. Junto con estas nuevas capacidades de ingenier\u00eda, incluye componentes de monitoreo est\u00e1ndar como un interruptor de presi\u00f3n integrado, un man\u00f3metro y un protector de man\u00f3metro. La baja presi\u00f3n de vapor de Novec 1230 FLuid permite el uso de cilindros soldados de baja presi\u00f3n y tuber\u00edas Schedule 40. Con estas caracter\u00edsticas revolucionarias, el FORCE500 se destaca en los sistemas convencionales de 360 \u200b\u200bpsi (25 bar).<\/p>\n\n\n\n<ul class=\"wp-block-list\"><li>Se necesita menos agente limpio<\/li><li>Se necesitan cilindros m\u00e1s peque\u00f1os y \/ o menos<\/li><li>Mayor cobertura de una sola boquilla<\/li><li>Modernizaci\u00f3n de sistemas existentes de halones y HFC<\/li><li>Redes de tuber\u00edas eficientes y flexibles<\/li><\/ul>\n","protected":false},"excerpt":{"rendered":"<p>Force 500: Sistema total de protecci\u00f3n contra incendios por inundaci\u00f3n. El sistema de extinci\u00f3n de incendios de agente limpio SEVO \u2122 1230 FORCE500 \u2122 es&hellip;<\/p>\n","protected":false},"author":1,"featured_media":712,"parent":0,"menu_order":0,"comment_status":"closed","ping_status":"closed","template":"","meta":{"footnotes":""},"class_list":["post-416","page","type-page","status-publish","has-post-thumbnail","hentry"],"aioseo_notices":[],"_links":{"self":[{"href":"https:\/\/borman.cl\/sitio\/incendio\/wp-json\/wp\/v2\/pages\/416","targetHints":{"allow":["GET"]}}],"collection":[{"href":"https:\/\/borman.cl\/sitio\/incendio\/wp-json\/wp\/v2\/pages"}],"about":[{"href":"https:\/\/borman.cl\/sitio\/incendio\/wp-json\/wp\/v2\/types\/page"}],"author":[{"embeddable":true,"href":"https:\/\/borman.cl\/sitio\/incendio\/wp-json\/wp\/v2\/users\/1"}],"replies":[{"embeddable":true,"href":"https:\/\/borman.cl\/sitio\/incendio\/wp-json\/wp\/v2\/comments?post=416"}],"version-history":[{"count":8,"href":"https:\/\/borman.cl\/sitio\/incendio\/wp-json\/wp\/v2\/pages\/416\/revisions"}],"predecessor-version":[{"id":717,"href":"https:\/\/borman.cl\/sitio\/incendio\/wp-json\/wp\/v2\/pages\/416\/revisions\/717"}],"wp:featuredmedia":[{"embeddable":true,"href":"https:\/\/borman.cl\/sitio\/incendio\/wp-json\/wp\/v2\/media\/712"}],"wp:attachment":[{"href":"https:\/\/borman.cl\/sitio\/incendio\/wp-json\/wp\/v2\/media?parent=416"}],"curies":[{"name":"wp","href":"https:\/\/api.w.org\/{rel}","templated":true}]}}