{"id":390,"date":"2019-04-19T05:32:48","date_gmt":"2019-04-19T05:32:48","guid":{"rendered":"http:\/\/demo.sparklewpthemes.com\/constructionlight\/?page_id=390"},"modified":"2021-07-19T05:05:49","modified_gmt":"2021-07-19T05:05:49","slug":"sistema-flex-2","status":"publish","type":"page","link":"https:\/\/borman.cl\/sitio\/incendio\/sistema-flex-2\/","title":{"rendered":"Sistema Flex"},"content":{"rendered":"\n<h2 class=\"wp-block-heading\">Flex: sistemas de agentes limpios en gabinete<\/h2>\n\n\n\n<p><\/p>\n\n\n\n<p>El SEVO \u2122 Flex \u2122 que utiliza el fluido de protecci\u00f3n contra incendios 3M \u2122 Novec \u2122 1230 ofrece la flexibilidad sin precedentes de proporcionar protecci\u00f3n localizada de equipos de alto valor para una m\u00e1xima eficiencia y rentabilidad.<\/p>\n\n\n\n<p>SEVO \u2122 Flex \u2122 est\u00e1 dise\u00f1ado para cumplir con el tiempo de descarga r\u00e1pido (hasta 10 segundos) de acuerdo con NFPA 2001. Multi-Point proporciona inundaci\u00f3n parcial \/ local de uno o m\u00faltiples peligros.<\/p>\n\n\n\n<ul class=\"wp-block-list\"><li>Opciones de detecci\u00f3n m\u00faltiple<\/li><li>Protecci\u00f3n de mayor volumen<\/li><li>Inundaciones locales \/ parciales<\/li><li>Contenci\u00f3n extendida<\/li><li>Mayor capacidad del cilindro<\/li><\/ul>\n","protected":false},"excerpt":{"rendered":"<p>Flex: sistemas de agentes limpios en gabinete El SEVO \u2122 Flex \u2122 que utiliza el fluido de protecci\u00f3n contra incendios 3M \u2122 Novec \u2122 1230&hellip;<\/p>\n","protected":false},"author":1,"featured_media":761,"parent":0,"menu_order":0,"comment_status":"closed","ping_status":"closed","template":"","meta":{"footnotes":""},"class_list":["post-390","page","type-page","status-publish","has-post-thumbnail","hentry"],"aioseo_notices":[],"_links":{"self":[{"href":"https:\/\/borman.cl\/sitio\/incendio\/wp-json\/wp\/v2\/pages\/390","targetHints":{"allow":["GET"]}}],"collection":[{"href":"https:\/\/borman.cl\/sitio\/incendio\/wp-json\/wp\/v2\/pages"}],"about":[{"href":"https:\/\/borman.cl\/sitio\/incendio\/wp-json\/wp\/v2\/types\/page"}],"author":[{"embeddable":true,"href":"https:\/\/borman.cl\/sitio\/incendio\/wp-json\/wp\/v2\/users\/1"}],"replies":[{"embeddable":true,"href":"https:\/\/borman.cl\/sitio\/incendio\/wp-json\/wp\/v2\/comments?post=390"}],"version-history":[{"count":1,"href":"https:\/\/borman.cl\/sitio\/incendio\/wp-json\/wp\/v2\/pages\/390\/revisions"}],"predecessor-version":[{"id":759,"href":"https:\/\/borman.cl\/sitio\/incendio\/wp-json\/wp\/v2\/pages\/390\/revisions\/759"}],"wp:featuredmedia":[{"embeddable":true,"href":"https:\/\/borman.cl\/sitio\/incendio\/wp-json\/wp\/v2\/media\/761"}],"wp:attachment":[{"href":"https:\/\/borman.cl\/sitio\/incendio\/wp-json\/wp\/v2\/media?parent=390"}],"curies":[{"name":"wp","href":"https:\/\/api.w.org\/{rel}","templated":true}]}}