{"id":383,"date":"2019-04-19T05:27:39","date_gmt":"2019-04-19T05:27:39","guid":{"rendered":"http:\/\/demo.sparklewpthemes.com\/constructionlight\/?page_id=383"},"modified":"2021-07-19T04:49:38","modified_gmt":"2021-07-19T04:49:38","slug":"sistema-cube","status":"publish","type":"page","link":"https:\/\/borman.cl\/sitio\/incendio\/sistema-cube\/","title":{"rendered":"Sistema Cube"},"content":{"rendered":"\n<h2 class=\"wp-block-heading\">Cube: sistemas de extinci\u00f3n de incendios predise\u00f1ados para montaje en Rack<\/h2>\n\n\n\n<p><\/p>\n\n\n\n<p>El sistema de supresi\u00f3n de incendios de montaje en Rack CubeTM, es una unidad aut\u00f3noma de detecci\u00f3n y supresi\u00f3n de incendios dise\u00f1ada para proteger un gabinete de servidor de montaje en bastidor de 19 \u201d. Montado en el estante superior del gabinete del servidor, los sistemas Cube brindan monitoreo de humo las 24 horas utilizando detectores de humo \u00f3pticos gemelos operados por una unidad de control con una fuente de alimentaci\u00f3n y una bater\u00eda de respaldo. Tras la detecci\u00f3n confirmada, el panel de disparo activa el actuador el\u00e9ctrico para descargar el fluido de protecci\u00f3n contra incendios 3MTM NovecTM 1230 para lograr una extinci\u00f3n r\u00e1pida.<\/p>\n\n\n\n<ul class=\"wp-block-list\"><li>Sistema de montaje en bastidor Plug &amp; Play<\/li><li>Sistema de extinci\u00f3n de agente limpio<\/li><li>Detecci\u00f3n y control<\/li><li>Conectividad IP, Modbus y servidor web<\/li><\/ul>\n","protected":false},"excerpt":{"rendered":"<p>Cube: sistemas de extinci\u00f3n de incendios predise\u00f1ados para montaje en Rack El sistema de supresi\u00f3n de incendios de montaje en Rack CubeTM, es una unidad&hellip;<\/p>\n","protected":false},"author":1,"featured_media":754,"parent":0,"menu_order":0,"comment_status":"closed","ping_status":"closed","template":"","meta":{"footnotes":""},"class_list":["post-383","page","type-page","status-publish","has-post-thumbnail","hentry"],"aioseo_notices":[],"_links":{"self":[{"href":"https:\/\/borman.cl\/sitio\/incendio\/wp-json\/wp\/v2\/pages\/383","targetHints":{"allow":["GET"]}}],"collection":[{"href":"https:\/\/borman.cl\/sitio\/incendio\/wp-json\/wp\/v2\/pages"}],"about":[{"href":"https:\/\/borman.cl\/sitio\/incendio\/wp-json\/wp\/v2\/types\/page"}],"author":[{"embeddable":true,"href":"https:\/\/borman.cl\/sitio\/incendio\/wp-json\/wp\/v2\/users\/1"}],"replies":[{"embeddable":true,"href":"https:\/\/borman.cl\/sitio\/incendio\/wp-json\/wp\/v2\/comments?post=383"}],"version-history":[{"count":3,"href":"https:\/\/borman.cl\/sitio\/incendio\/wp-json\/wp\/v2\/pages\/383\/revisions"}],"predecessor-version":[{"id":757,"href":"https:\/\/borman.cl\/sitio\/incendio\/wp-json\/wp\/v2\/pages\/383\/revisions\/757"}],"wp:featuredmedia":[{"embeddable":true,"href":"https:\/\/borman.cl\/sitio\/incendio\/wp-json\/wp\/v2\/media\/754"}],"wp:attachment":[{"href":"https:\/\/borman.cl\/sitio\/incendio\/wp-json\/wp\/v2\/media?parent=383"}],"curies":[{"name":"wp","href":"https:\/\/api.w.org\/{rel}","templated":true}]}}