{"id":126,"date":"2018-02-27T07:51:08","date_gmt":"2018-02-27T07:51:08","guid":{"rendered":"http:\/\/offshorethemes.com\/demo\/sparkconstruction\/?page_id=126"},"modified":"2021-07-19T05:07:57","modified_gmt":"2021-07-19T05:07:57","slug":"sistema-black-diamond","status":"publish","type":"page","link":"https:\/\/borman.cl\/sitio\/incendio\/sistema-black-diamond\/","title":{"rendered":"Sistema Black Diamond"},"content":{"rendered":"\n<h2 class=\"wp-block-heading\">Black Diamond: Sistema de protecci\u00f3n contra incendios de cocina<\/h2>\n\n\n\n<p>El fuego es uno de los mayores problemas de seguridad en las cocinas industriales. Seg\u00fan los informes de las compa\u00f1\u00edas de seguros de 2010, 5 empresas del sector de la restauraci\u00f3n sufren p\u00e9rdidas relacionadas con los incendios al d\u00eda. Esto suma millones de d\u00f3lares anuales. El propietario de la cocina es responsable de evaluar el riesgo y tomar las acciones necesarias para prevenir y proteger eficazmente los electrodom\u00e9sticos de la cocina contra incendios. Un sistema SEVO Black Diamond es una inversi\u00f3n de menos del 5% de todo el equipamiento de cocina. En caso de incendio, el sistema Black Diamond minimizar\u00e1 las p\u00e9rdidas y limitar\u00e1 el tiempo de inactividad de la cocina.<\/p>\n\n\n\n<ul class=\"wp-block-list\"><li>Opciones de detecci\u00f3n m\u00faltiple<\/li><li>Descarga prolongada<\/li><li>F\u00e1cil instalaci\u00f3n<\/li><li>Protecci\u00f3n de mayor volumen<\/li><li>Boquillas para peligros espec\u00edficos<\/li><li>Econ\u00f3mico<\/li><\/ul>\n","protected":false},"excerpt":{"rendered":"<p>Black Diamond: Sistema de protecci\u00f3n contra incendios de cocina El fuego es uno de los mayores problemas de seguridad en las cocinas industriales. Seg\u00fan los&hellip;<\/p>\n","protected":false},"author":1,"featured_media":750,"parent":0,"menu_order":0,"comment_status":"closed","ping_status":"closed","template":"","meta":{"footnotes":""},"class_list":["post-126","page","type-page","status-publish","has-post-thumbnail","hentry"],"aioseo_notices":[],"_links":{"self":[{"href":"https:\/\/borman.cl\/sitio\/incendio\/wp-json\/wp\/v2\/pages\/126","targetHints":{"allow":["GET"]}}],"collection":[{"href":"https:\/\/borman.cl\/sitio\/incendio\/wp-json\/wp\/v2\/pages"}],"about":[{"href":"https:\/\/borman.cl\/sitio\/incendio\/wp-json\/wp\/v2\/types\/page"}],"author":[{"embeddable":true,"href":"https:\/\/borman.cl\/sitio\/incendio\/wp-json\/wp\/v2\/users\/1"}],"replies":[{"embeddable":true,"href":"https:\/\/borman.cl\/sitio\/incendio\/wp-json\/wp\/v2\/comments?post=126"}],"version-history":[{"count":3,"href":"https:\/\/borman.cl\/sitio\/incendio\/wp-json\/wp\/v2\/pages\/126\/revisions"}],"predecessor-version":[{"id":762,"href":"https:\/\/borman.cl\/sitio\/incendio\/wp-json\/wp\/v2\/pages\/126\/revisions\/762"}],"wp:featuredmedia":[{"embeddable":true,"href":"https:\/\/borman.cl\/sitio\/incendio\/wp-json\/wp\/v2\/media\/750"}],"wp:attachment":[{"href":"https:\/\/borman.cl\/sitio\/incendio\/wp-json\/wp\/v2\/media?parent=126"}],"curies":[{"name":"wp","href":"https:\/\/api.w.org\/{rel}","templated":true}]}}